{"id":2233,"date":"2023-05-07T00:00:43","date_gmt":"2023-05-06T17:00:43","guid":{"rendered":"https:\/\/danaworldtravel.com\/?post_type=product&#038;p=2233"},"modified":"2025-02-24T07:20:38","modified_gmt":"2025-02-24T00:20:38","slug":"discover-world-heritages-in-vietnam","status":"publish","type":"product","link":"https:\/\/vietaugroup.net\/en\/tourism\/discover-world-heritages-in-vietnam","title":{"rendered":"15D_DISCOVER WORLD HERITAGES IN VIETNAM"},"content":{"rendered":"<p><span style=\"font-size: 90%;\"><span style=\"font-size: 100%;\"><span style=\"text-decoration: underline;\"><span style=\"color: #2d7cd6;\"><strong>ITINERARY<\/strong><\/span><\/span><span style=\"color: #2d7cd6;\"><strong>:\u00a0 <\/strong><\/span><\/span><strong><span style=\"color: #e14d43;\"><span style=\"font-size: 100%;\">(B = Breakfast, L = Lunch, D = Dinner) \u00a0 \u00a0 \u00a0 \u00a0<\/span>\u00a0 \u00a0 \u00a0 \u00a0 \u00a0 \u00a0 \u00a0 \u00a0 <\/span><\/strong><\/span><\/p>\n<p><span style=\"font-size: 90%; background-color: #ffff00;\"><span style=\"color: #282828;\">Please click<\/span><span style=\"color: #d83131;\"><strong> <a href=\"https:\/\/travel.vietaugroup.net\/en\/?attachment_id=3331\" target=\"_blank\" rel=\"attachment noopener wp-att-3331 noreferrer\">HERE <\/a><\/strong><\/span><span style=\"color: #e14d43;\"><span style=\"color: #282828;\">to view the full detailed program<\/span><\/span><\/span><\/p>\n<p><span style=\"font-size: 90%;\">DAY 1\u00a0 \u00a0(-, -, &#8211; ) :\u00a0\u00a0\u00a0\u00a0\u00a0\u00a0 Hanoi Arrival<\/span><br \/>\n<span style=\"font-size: 90%;\">DAY 2\u00a0 \u00a0(B,L, -) :\u00a0\u00a0\u00a0\u00a0\u00a0\u00a0 Full day Ha Noi city tour<\/span><br \/>\n<span style=\"font-size: 90%;\">DAY 3\u00a0 \u00a0(B,L, -) :\u00a0\u00a0\u00a0\u00a0\u00a0\u00a0 Ha Noi &#8211; Ninh Binh<\/span><br \/>\n<span style=\"font-size: 90%;\">DAY 4\u00a0 \u00a0(B,L,D) :\u00a0\u00a0\u00a0\u00a0\u00a0\u00a0 Ninh Binh &#8211; Ha Long Bay<\/span><br \/>\n<span style=\"font-size: 90%;\">DAY 5\u00a0 \u00a0(B,L,D) :\u00a0\u00a0\u00a0\u00a0\u00a0\u00a0 Ha Long Bay &#8211; Ha Noi<\/span><br \/>\n<span style=\"font-size: 90%;\">DAY 6\u00a0 \u00a0(B,L,D) :\u00a0\u00a0\u00a0\u00a0\u00a0\u00a0 Ha Noi &#8211; Dong Hoi<\/span><br \/>\n<span style=\"font-size: 90%;\">DAY 7\u00a0 \u00a0(B,L,D) :\u00a0\u00a0\u00a0\u00a0\u00a0\u00a0 Discover Phong Nha cave &amp; Paradise cave<\/span><br \/>\n<span style=\"font-size: 90%;\">DAY 8\u00a0 \u00a0(B,L,D) :\u00a0\u00a0\u00a0\u00a0\u00a0\u00a0 Dong Hoi &#8211; Hue<\/span><br \/>\n<span style=\"font-size: 90%;\">DAY 9\u00a0 \u00a0(B,L, -) :\u00a0\u00a0\u00a0\u00a0\u00a0\u00a0 Full day Hue tour<\/span><br \/>\n<span style=\"font-size: 90%;\">DAY 10 (B,L, -) :\u00a0\u00a0\u00a0\u00a0\u00a0\u00a0 Hue &#8211; Da Nang &#8211; Hoi An<\/span><br \/>\n<span style=\"font-size: 90%;\">DAY 11 (B,L, -) :\u00a0\u00a0\u00a0\u00a0\u00a0\u00a0 Hoi An &#8211; My Son &#8211; Hoi An<\/span><br \/>\n<span style=\"font-size: 90%;\">DAY 12 (B, -, -) :\u00a0\u00a0\u00a0\u00a0\u00a0\u00a0 Hoi An &#8211; Da Nang &#8211; Ho Chi Minh<\/span><br \/>\n<span style=\"font-size: 90%;\">DAY 13 (B,L, -) :\u00a0\u00a0\u00a0\u00a0\u00a0\u00a0 Full day Ho Chi Minh city tour and Cu Chi tunnel<\/span><br \/>\n<span style=\"font-size: 90%;\">DAY 14 (B,L, -) :\u00a0\u00a0\u00a0\u00a0\u00a0\u00a0 Full day Mekong Delta<\/span><br \/>\n<span style=\"font-size: 90%;\">DAY 15 (B, -, -) :\u00a0\u00a0\u00a0\u00a0\u00a0\u00a0 Departure<\/span><\/p>\n<p><span style=\"text-decoration: underline; color: #2d7cd6; font-size: 100%;\"><strong>TOUR INCLUSION:<\/strong><\/span><br \/>\n<span style=\"font-size: 90%;\"><span style=\"color: #2d7cd6;\">\u2666<\/span>\u00a0 Hotel accommodations with daily breakfast based on twin\/ double sharing<\/span><br \/>\n<span style=\"font-size: 90%;\"><span style=\"color: #2d7cd6;\">\u2666<\/span>\u00a0 Overnight boat cruise in Halong Bay (2 days\/1 night) based on twin\/ double sharing<\/span><br \/>\n<span style=\"font-size: 90%;\"><span style=\"color: #2d7cd6;\">\u2666<\/span>\u00a0 Meals as indicated in the itinerary (B: for Breakfast, L: for Lunch, D: for Dinner)<\/span><br \/>\n<span style=\"font-size: 90%;\"><span style=\"color: #2d7cd6;\">\u2666<\/span>\u00a0 All landed transfers within the tour by air-conditioned vehicle, including pick-up and drop-off at airports on arrival and departure days<\/span><br \/>\n<span style=\"font-size: 90%;\"><span style=\"color: #2d7cd6;\">\u2666<\/span>\u00a0 All domestic flights (Economy Class, including 20kg checked baggage and 7kg hand bag each adult)<\/span><br \/>\n<span style=\"font-size: 90%;\"><span style=\"color: #2d7cd6;\">\u2666<\/span>\u00a0 Boat trips as mentioned in the program<\/span><br \/>\n<span style=\"font-size: 90%;\"><span style=\"color: #2d7cd6;\">\u2666<\/span>\u00a0 Private local English speaking tour guides. Other languages on request.<\/span><br \/>\n<span style=\"font-size: 90%;\"><span style=\"color: #2d7cd6;\">\u2666<\/span>\u00a0 All entrance fees and permits where applicable<\/span><br \/>\n<span style=\"font-size: 90%;\"><span style=\"color: #2d7cd6;\">\u2666<\/span>\u00a0 1 bottle of water per person per touring day<\/span><br \/>\n<span style=\"font-size: 90%;\"><span style=\"color: #2d7cd6;\">\u2666<\/span>\u00a0 Government tax and charge<\/span><\/p>\n<p><span style=\"text-decoration: underline; font-size: 100%; color: #2d7cd6;\"><strong>TOUR EXCLUSION:<\/strong><\/span><br \/>\n<span style=\"font-size: 90%;\"><strong>\u00d7\u00a0 <\/strong>International airfare to\/from Vietnam<\/span><br \/>\n<span style=\"font-size: 90%;\"><strong>\u00d7\u00a0 <\/strong>Beverages and other meals do not indicate in the program<\/span><br \/>\n<span style=\"font-size: 90%;\"><strong>\u00d7\u00a0 <\/strong>Vietnam visa fee<\/span><br \/>\n<span style=\"font-size: 90%;\"><strong>\u00d7\u00a0 <\/strong>Early check-in and late check-out at all hotels<\/span><br \/>\n<span style=\"font-size: 90%;\"><strong>\u00d7\u00a0 <\/strong>Travel insurance<\/span><br \/>\n<span style=\"font-size: 90%;\"><strong>\u00d7\u00a0 <\/strong>Personal expenses (laundry, telephone, shopping&#8230;)<\/span><br \/>\n<span style=\"font-size: 90%;\"><strong>\u00d7\u00a0 <\/strong>Tipping\/ Gratuities<\/span><\/p>\n","protected":false},"excerpt":{"rendered":"<p style=\"text-align: justify;\"><span style=\"color: #333333; font-size: 100%;\"><em>Vietnam is world well-known for its breathtaking natural beauty. With the great potential for tourism, so far there have been 5 places that were recognized by UNESCO as natural and cultural World Heritages in the country: <span style=\"color: #ff6600;\">Ha Long, Phong Nha, Hue, Hoi An<\/span> and <span style=\"color: #ff6600;\">My Son<\/span>. This\u00a0<a style=\"color: #333333;\" href=\"https:\/\/travel.vietaugroup.net\/en\/tourism\/discover-world-heritages-in-vietnam\">Vietnam Unesco World Heritages Tour<\/a> in 15 days has been specially designed for the travelers who would like to discover all of these heritages<\/em><\/span><\/p>\n","protected":false},"featured_media":3329,"template":"","meta":{"_acf_changed":false},"product_brand":[],"product_cat":[125,123],"product_tag":[218,210,191,208,164,187,143,153,212,209,206,136,211,137,135,214,142,151,145,168,163,188,141,216,215,138,166,220,207,205,219,134,213,150,133,132,217],"class_list":{"0":"post-2233","1":"product","2":"type-product","3":"status-publish","4":"has-post-thumbnail","6":"product_cat-culture-heritage","7":"product_cat-vietnam-package-tours","8":"product_tag-ancient","9":"product_tag-beach","10":"product_tag-bridge","11":"product_tag-cave","12":"product_tag-citadel","13":"product_tag-cu-chi","14":"product_tag-da-nang","15":"product_tag-danang","16":"product_tag-delta","17":"product_tag-dmz","18":"product_tag-dong-hoi","19":"product_tag-ha-long","20":"product_tag-hai-van-pass","21":"product_tag-halong","22":"product_tag-hanoi","23":"product_tag-heritage","24":"product_tag-hoi-an","25":"product_tag-hoian","26":"product_tag-hue","27":"product_tag-imperial","28":"product_tag-lang-co","29":"product_tag-marble-mountain","30":"product_tag-mekong","31":"product_tag-mountain","32":"product_tag-museum","33":"product_tag-ninh-binh","34":"product_tag-pagoda","35":"product_tag-palace","36":"product_tag-paradise","37":"product_tag-phong-nha","38":"product_tag-temple","39":"product_tag-tour","40":"product_tag-tunnel","41":"product_tag-viet-nam","42":"product_tag-vietnam","43":"product_tag-vietnam-tour","44":"product_tag-village","46":"first","47":"instock","48":"sale","49":"shipping-taxable","50":"purchasable","51":"product-type-simple"},"acf":[],"yoast_head":"<!-- This site is optimized with the Yoast SEO plugin v27.3 - https:\/\/yoast.com\/product\/yoast-seo-wordpress\/ -->\n<title>15D_DISCOVER WORLD HERITAGES IN VIETNAM - Viet Au Group Travel<\/title>\n<meta name=\"description\" content=\"Du l\u1ecbch \u00dac - Australia, &quot;X\u1ee9 s\u1edf Kangaroo&quot; kh\u00f4ng ch\u1ec9 n\u1ed5i ti\u1ebfng v\u1edbi nh\u1eefng c\u00f4ng tr\u00ecnh ki\u1ebfn tr\u00fac \u0111\u1ed9c \u0111\u00e1o \u1edf c\u00e1c th\u00e0nh ph\u1ed1\u00a0Sydney, Melbourne,... m\u00e0 \u00dac c\u00f2n c\u00f3 s\u1ee9c thu h\u00fat v\u1edbi nh\u1eefng ng\u01b0\u1eddi y\u00eau th\u00edch du l\u1ecbch b\u1edfi s\u1ef1 k\u1ef3 th\u00fa c\u1ee7a c\u00e1c k\u00ec quan thi\u00ean nhi\u00ean, nh\u1eefng v\u00f9ng sa m\u1ea1c hoang d\u1ea1i, nh\u1eefng b\u00e3i bi\u1ec3n hoang s\u01a1 v\u00e0 nh\u1eefng h\u00f2n \u0111\u1ea3o xinh \u0111\u1eb9p.\" \/>\n<meta name=\"robots\" content=\"index, follow, max-snippet:-1, max-image-preview:large, max-video-preview:-1\" \/>\n<link rel=\"canonical\" href=\"https:\/\/vietaugroup.net\/en\/tourism\/discover-world-heritages-in-vietnam\" \/>\n<meta property=\"og:locale\" content=\"en_US\" \/>\n<meta property=\"og:type\" content=\"article\" \/>\n<meta property=\"og:title\" content=\"15D_DISCOVER WORLD HERITAGES IN VIETNAM - Viet Au Group Travel\" \/>\n<meta property=\"og:description\" content=\"Du l\u1ecbch \u00dac - Australia, &quot;X\u1ee9 s\u1edf Kangaroo&quot; kh\u00f4ng ch\u1ec9 n\u1ed5i ti\u1ebfng v\u1edbi nh\u1eefng c\u00f4ng tr\u00ecnh ki\u1ebfn tr\u00fac \u0111\u1ed9c \u0111\u00e1o \u1edf c\u00e1c th\u00e0nh ph\u1ed1\u00a0Sydney, Melbourne,... m\u00e0 \u00dac c\u00f2n c\u00f3 s\u1ee9c thu h\u00fat v\u1edbi nh\u1eefng ng\u01b0\u1eddi y\u00eau th\u00edch du l\u1ecbch b\u1edfi s\u1ef1 k\u1ef3 th\u00fa c\u1ee7a c\u00e1c k\u00ec quan thi\u00ean nhi\u00ean, nh\u1eefng v\u00f9ng sa m\u1ea1c hoang d\u1ea1i, nh\u1eefng b\u00e3i bi\u1ec3n hoang s\u01a1 v\u00e0 nh\u1eefng h\u00f2n \u0111\u1ea3o xinh \u0111\u1eb9p.\" \/>\n<meta property=\"og:url\" content=\"https:\/\/vietaugroup.net\/en\/tourism\/discover-world-heritages-in-vietnam\" \/>\n<meta property=\"og:site_name\" content=\"Viet Au Group Travel\" \/>\n<meta property=\"article:modified_time\" content=\"2025-02-24T00:20:38+00:00\" \/>\n<meta property=\"og:image\" content=\"https:\/\/vietaugroup.net\/en\/wp-content\/uploads\/2023\/05\/phong-nha-3.jpg\" \/>\n\t<meta property=\"og:image:width\" content=\"600\" \/>\n\t<meta property=\"og:image:height\" content=\"420\" \/>\n\t<meta property=\"og:image:type\" content=\"image\/jpeg\" \/>\n<meta name=\"twitter:card\" content=\"summary_large_image\" \/>\n<meta name=\"twitter:label1\" content=\"Est. reading time\" \/>\n\t<meta name=\"twitter:data1\" content=\"2 minutes\" \/>\n<script type=\"application\/ld+json\" class=\"yoast-schema-graph\">{\"@context\":\"https:\\\/\\\/schema.org\",\"@graph\":[{\"@type\":\"WebPage\",\"@id\":\"https:\\\/\\\/vietaugroup.net\\\/en\\\/tourism\\\/discover-world-heritages-in-vietnam\",\"url\":\"https:\\\/\\\/vietaugroup.net\\\/en\\\/tourism\\\/discover-world-heritages-in-vietnam\",\"name\":\"15D_DISCOVER WORLD HERITAGES IN VIETNAM - Viet Au Group Travel\",\"isPartOf\":{\"@id\":\"https:\\\/\\\/vietaugroup.net\\\/en\\\/#website\"},\"primaryImageOfPage\":{\"@id\":\"https:\\\/\\\/vietaugroup.net\\\/en\\\/tourism\\\/discover-world-heritages-in-vietnam#primaryimage\"},\"image\":{\"@id\":\"https:\\\/\\\/vietaugroup.net\\\/en\\\/tourism\\\/discover-world-heritages-in-vietnam#primaryimage\"},\"thumbnailUrl\":\"https:\\\/\\\/vietaugroup.net\\\/en\\\/wp-content\\\/uploads\\\/2023\\\/05\\\/phong-nha-3.jpg\",\"datePublished\":\"2023-05-06T17:00:43+00:00\",\"dateModified\":\"2025-02-24T00:20:38+00:00\",\"description\":\"Du l\u1ecbch \u00dac - Australia, \\\"X\u1ee9 s\u1edf Kangaroo\\\" kh\u00f4ng ch\u1ec9 n\u1ed5i ti\u1ebfng v\u1edbi nh\u1eefng c\u00f4ng tr\u00ecnh ki\u1ebfn tr\u00fac \u0111\u1ed9c \u0111\u00e1o \u1edf c\u00e1c th\u00e0nh ph\u1ed1\u00a0Sydney, Melbourne,... m\u00e0 \u00dac c\u00f2n c\u00f3 s\u1ee9c thu h\u00fat v\u1edbi nh\u1eefng ng\u01b0\u1eddi y\u00eau th\u00edch du l\u1ecbch b\u1edfi s\u1ef1 k\u1ef3 th\u00fa c\u1ee7a c\u00e1c k\u00ec quan thi\u00ean nhi\u00ean, nh\u1eefng v\u00f9ng sa m\u1ea1c hoang d\u1ea1i, nh\u1eefng b\u00e3i bi\u1ec3n hoang s\u01a1 v\u00e0 nh\u1eefng h\u00f2n \u0111\u1ea3o xinh \u0111\u1eb9p.\",\"breadcrumb\":{\"@id\":\"https:\\\/\\\/vietaugroup.net\\\/en\\\/tourism\\\/discover-world-heritages-in-vietnam#breadcrumb\"},\"inLanguage\":\"en-US\",\"potentialAction\":[{\"@type\":\"ReadAction\",\"target\":[\"https:\\\/\\\/vietaugroup.net\\\/en\\\/tourism\\\/discover-world-heritages-in-vietnam\"]}]},{\"@type\":\"ImageObject\",\"inLanguage\":\"en-US\",\"@id\":\"https:\\\/\\\/vietaugroup.net\\\/en\\\/tourism\\\/discover-world-heritages-in-vietnam#primaryimage\",\"url\":\"https:\\\/\\\/vietaugroup.net\\\/en\\\/wp-content\\\/uploads\\\/2023\\\/05\\\/phong-nha-3.jpg\",\"contentUrl\":\"https:\\\/\\\/vietaugroup.net\\\/en\\\/wp-content\\\/uploads\\\/2023\\\/05\\\/phong-nha-3.jpg\",\"width\":600,\"height\":420},{\"@type\":\"BreadcrumbList\",\"@id\":\"https:\\\/\\\/vietaugroup.net\\\/en\\\/tourism\\\/discover-world-heritages-in-vietnam#breadcrumb\",\"itemListElement\":[{\"@type\":\"ListItem\",\"position\":1,\"name\":\"Home\",\"item\":\"https:\\\/\\\/vietaugroup.net\\\/en\\\/\"},{\"@type\":\"ListItem\",\"position\":2,\"name\":\"Products\",\"item\":\"https:\\\/\\\/vietaugroup.net\\\/en\\\/shop\"},{\"@type\":\"ListItem\",\"position\":3,\"name\":\"15D_DISCOVER WORLD HERITAGES IN VIETNAM\"}]},{\"@type\":\"WebSite\",\"@id\":\"https:\\\/\\\/vietaugroup.net\\\/en\\\/#website\",\"url\":\"https:\\\/\\\/vietaugroup.net\\\/en\\\/\",\"name\":\"Viet Au Group Travel\",\"description\":\"Conquer The World\",\"potentialAction\":[{\"@type\":\"SearchAction\",\"target\":{\"@type\":\"EntryPoint\",\"urlTemplate\":\"https:\\\/\\\/vietaugroup.net\\\/en\\\/?s={search_term_string}\"},\"query-input\":{\"@type\":\"PropertyValueSpecification\",\"valueRequired\":true,\"valueName\":\"search_term_string\"}}],\"inLanguage\":\"en-US\"}]}<\/script>\n<!-- \/ Yoast SEO plugin. -->","yoast_head_json":{"title":"15D_DISCOVER WORLD HERITAGES IN VIETNAM - Viet Au Group Travel","description":"Du l\u1ecbch \u00dac - Australia, \"X\u1ee9 s\u1edf Kangaroo\" kh\u00f4ng ch\u1ec9 n\u1ed5i ti\u1ebfng v\u1edbi nh\u1eefng c\u00f4ng tr\u00ecnh ki\u1ebfn tr\u00fac \u0111\u1ed9c \u0111\u00e1o \u1edf c\u00e1c th\u00e0nh ph\u1ed1\u00a0Sydney, Melbourne,... m\u00e0 \u00dac c\u00f2n c\u00f3 s\u1ee9c thu h\u00fat v\u1edbi nh\u1eefng ng\u01b0\u1eddi y\u00eau th\u00edch du l\u1ecbch b\u1edfi s\u1ef1 k\u1ef3 th\u00fa c\u1ee7a c\u00e1c k\u00ec quan thi\u00ean nhi\u00ean, nh\u1eefng v\u00f9ng sa m\u1ea1c hoang d\u1ea1i, nh\u1eefng b\u00e3i bi\u1ec3n hoang s\u01a1 v\u00e0 nh\u1eefng h\u00f2n \u0111\u1ea3o xinh \u0111\u1eb9p.","robots":{"index":"index","follow":"follow","max-snippet":"max-snippet:-1","max-image-preview":"max-image-preview:large","max-video-preview":"max-video-preview:-1"},"canonical":"https:\/\/vietaugroup.net\/en\/tourism\/discover-world-heritages-in-vietnam","og_locale":"en_US","og_type":"article","og_title":"15D_DISCOVER WORLD HERITAGES IN VIETNAM - Viet Au Group Travel","og_description":"Du l\u1ecbch \u00dac - Australia, \"X\u1ee9 s\u1edf Kangaroo\" kh\u00f4ng ch\u1ec9 n\u1ed5i ti\u1ebfng v\u1edbi nh\u1eefng c\u00f4ng tr\u00ecnh ki\u1ebfn tr\u00fac \u0111\u1ed9c \u0111\u00e1o \u1edf c\u00e1c th\u00e0nh ph\u1ed1\u00a0Sydney, Melbourne,... m\u00e0 \u00dac c\u00f2n c\u00f3 s\u1ee9c thu h\u00fat v\u1edbi nh\u1eefng ng\u01b0\u1eddi y\u00eau th\u00edch du l\u1ecbch b\u1edfi s\u1ef1 k\u1ef3 th\u00fa c\u1ee7a c\u00e1c k\u00ec quan thi\u00ean nhi\u00ean, nh\u1eefng v\u00f9ng sa m\u1ea1c hoang d\u1ea1i, nh\u1eefng b\u00e3i bi\u1ec3n hoang s\u01a1 v\u00e0 nh\u1eefng h\u00f2n \u0111\u1ea3o xinh \u0111\u1eb9p.","og_url":"https:\/\/vietaugroup.net\/en\/tourism\/discover-world-heritages-in-vietnam","og_site_name":"Viet Au Group Travel","article_modified_time":"2025-02-24T00:20:38+00:00","og_image":[{"width":600,"height":420,"url":"https:\/\/vietaugroup.net\/en\/wp-content\/uploads\/2023\/05\/phong-nha-3.jpg","type":"image\/jpeg"}],"twitter_card":"summary_large_image","twitter_misc":{"Est. reading time":"2 minutes"},"schema":{"@context":"https:\/\/schema.org","@graph":[{"@type":"WebPage","@id":"https:\/\/vietaugroup.net\/en\/tourism\/discover-world-heritages-in-vietnam","url":"https:\/\/vietaugroup.net\/en\/tourism\/discover-world-heritages-in-vietnam","name":"15D_DISCOVER WORLD HERITAGES IN VIETNAM - Viet Au Group Travel","isPartOf":{"@id":"https:\/\/vietaugroup.net\/en\/#website"},"primaryImageOfPage":{"@id":"https:\/\/vietaugroup.net\/en\/tourism\/discover-world-heritages-in-vietnam#primaryimage"},"image":{"@id":"https:\/\/vietaugroup.net\/en\/tourism\/discover-world-heritages-in-vietnam#primaryimage"},"thumbnailUrl":"https:\/\/vietaugroup.net\/en\/wp-content\/uploads\/2023\/05\/phong-nha-3.jpg","datePublished":"2023-05-06T17:00:43+00:00","dateModified":"2025-02-24T00:20:38+00:00","description":"Du l\u1ecbch \u00dac - Australia, \"X\u1ee9 s\u1edf Kangaroo\" kh\u00f4ng ch\u1ec9 n\u1ed5i ti\u1ebfng v\u1edbi nh\u1eefng c\u00f4ng tr\u00ecnh ki\u1ebfn tr\u00fac \u0111\u1ed9c \u0111\u00e1o \u1edf c\u00e1c th\u00e0nh ph\u1ed1\u00a0Sydney, Melbourne,... m\u00e0 \u00dac c\u00f2n c\u00f3 s\u1ee9c thu h\u00fat v\u1edbi nh\u1eefng ng\u01b0\u1eddi y\u00eau th\u00edch du l\u1ecbch b\u1edfi s\u1ef1 k\u1ef3 th\u00fa c\u1ee7a c\u00e1c k\u00ec quan thi\u00ean nhi\u00ean, nh\u1eefng v\u00f9ng sa m\u1ea1c hoang d\u1ea1i, nh\u1eefng b\u00e3i bi\u1ec3n hoang s\u01a1 v\u00e0 nh\u1eefng h\u00f2n \u0111\u1ea3o xinh \u0111\u1eb9p.","breadcrumb":{"@id":"https:\/\/vietaugroup.net\/en\/tourism\/discover-world-heritages-in-vietnam#breadcrumb"},"inLanguage":"en-US","potentialAction":[{"@type":"ReadAction","target":["https:\/\/vietaugroup.net\/en\/tourism\/discover-world-heritages-in-vietnam"]}]},{"@type":"ImageObject","inLanguage":"en-US","@id":"https:\/\/vietaugroup.net\/en\/tourism\/discover-world-heritages-in-vietnam#primaryimage","url":"https:\/\/vietaugroup.net\/en\/wp-content\/uploads\/2023\/05\/phong-nha-3.jpg","contentUrl":"https:\/\/vietaugroup.net\/en\/wp-content\/uploads\/2023\/05\/phong-nha-3.jpg","width":600,"height":420},{"@type":"BreadcrumbList","@id":"https:\/\/vietaugroup.net\/en\/tourism\/discover-world-heritages-in-vietnam#breadcrumb","itemListElement":[{"@type":"ListItem","position":1,"name":"Home","item":"https:\/\/vietaugroup.net\/en\/"},{"@type":"ListItem","position":2,"name":"Products","item":"https:\/\/vietaugroup.net\/en\/shop"},{"@type":"ListItem","position":3,"name":"15D_DISCOVER WORLD HERITAGES IN VIETNAM"}]},{"@type":"WebSite","@id":"https:\/\/vietaugroup.net\/en\/#website","url":"https:\/\/vietaugroup.net\/en\/","name":"Viet Au Group Travel","description":"Conquer The World","potentialAction":[{"@type":"SearchAction","target":{"@type":"EntryPoint","urlTemplate":"https:\/\/vietaugroup.net\/en\/?s={search_term_string}"},"query-input":{"@type":"PropertyValueSpecification","valueRequired":true,"valueName":"search_term_string"}}],"inLanguage":"en-US"}]}},"_links":{"self":[{"href":"https:\/\/vietaugroup.net\/en\/wp-json\/wp\/v2\/product\/2233","targetHints":{"allow":["GET"]}}],"collection":[{"href":"https:\/\/vietaugroup.net\/en\/wp-json\/wp\/v2\/product"}],"about":[{"href":"https:\/\/vietaugroup.net\/en\/wp-json\/wp\/v2\/types\/product"}],"wp:featuredmedia":[{"embeddable":true,"href":"https:\/\/vietaugroup.net\/en\/wp-json\/wp\/v2\/media\/3329"}],"wp:attachment":[{"href":"https:\/\/vietaugroup.net\/en\/wp-json\/wp\/v2\/media?parent=2233"}],"wp:term":[{"taxonomy":"product_brand","embeddable":true,"href":"https:\/\/vietaugroup.net\/en\/wp-json\/wp\/v2\/product_brand?post=2233"},{"taxonomy":"product_cat","embeddable":true,"href":"https:\/\/vietaugroup.net\/en\/wp-json\/wp\/v2\/product_cat?post=2233"},{"taxonomy":"product_tag","embeddable":true,"href":"https:\/\/vietaugroup.net\/en\/wp-json\/wp\/v2\/product_tag?post=2233"}],"curies":[{"name":"wp","href":"https:\/\/api.w.org\/{rel}","templated":true}]}}