{"id":3074,"date":"2023-05-17T14:04:20","date_gmt":"2023-05-17T07:04:20","guid":{"rendered":"https:\/\/i-travel.com.vn\/en\/?page_id=3074"},"modified":"2024-12-13T16:18:24","modified_gmt":"2024-12-13T09:18:24","slug":"about-us","status":"publish","type":"page","link":"https:\/\/vietaugroup.net\/en\/about-us","title":{"rendered":"About us"},"content":{"rendered":"<p style=\"text-align: justify;\">\u00a0 \u00a0 <img loading=\"lazy\" decoding=\"async\" class=\"size-medium wp-image-3219 aligncenter\" src=\"https:\/\/i-travel.com.vn\/en\/wp-content\/uploads\/2024\/03\/About-Us-800x240.jpg\" alt=\"\" width=\"800\" height=\"240\" srcset=\"https:\/\/vietaugroup.net\/en\/wp-content\/uploads\/2024\/03\/About-Us-800x240.jpg 800w, https:\/\/vietaugroup.net\/en\/wp-content\/uploads\/2024\/03\/About-Us-1400x419.jpg 1400w, https:\/\/vietaugroup.net\/en\/wp-content\/uploads\/2024\/03\/About-Us-768x230.jpg 768w, https:\/\/vietaugroup.net\/en\/wp-content\/uploads\/2024\/03\/About-Us-1536x460.jpg 1536w, https:\/\/vietaugroup.net\/en\/wp-content\/uploads\/2024\/03\/About-Us-1200x359.jpg 1200w, https:\/\/vietaugroup.net\/en\/wp-content\/uploads\/2024\/03\/About-Us.jpg 1670w\" sizes=\"auto, (max-width: 800px) 100vw, 800px\" \/><\/p>\n<p style=\"text-align: center;\"><span style=\"color: #d83131;\"><strong>Welcome to VIET AU GROUP (VAG Travel) \u2013 Crafting Unforgettable Journeys Across Vietnam &amp; Asia !<\/strong><\/span><\/p>\n<p style=\"text-align: justify;\">At <span style=\"color: #4383d1;\"><strong>Viet Au Group<\/strong><\/span>, we believe travel is more than just seeing new places; it&#8217;s about creating moments, embracing cultures, and discovering the heart of a destination. With our deep roots in Vietnam and extensive network across Asia, we curate unique and immersive travel packages that capture the essence of each locale. From the lush landscapes of Vietnam\u2019s rice terraces and vibrant cities to the serene beaches of Thailand and rich traditions of Cambodia, our tours blend adventure, relaxation, and cultural authenticity.<\/p>\n<p style=\"text-align: justify;\">Our team of local experts ensures every journey with<span style=\"color: #4383d1;\"> <strong>Viet Au Group<\/strong><\/span> offers more than just sightseeing. We personalize every detail\u2014from handpicked accommodations to private guides and bespoke activities\u2014providing travelers with a seamless, enriching experience. Whether it\u2019s a luxury cruise through Halong Bay, a culinary tour through Southeast Asia\u2019s food capitals, or an adventure through ancient temples and bustling markets, <span style=\"color: #4383d1;\"><strong>Viet Au Group<\/strong><\/span> is dedicated to turning travel dreams into memorable realities.<\/p>\n<p style=\"text-align: justify;\">Discover Vietnam. Explore Asia. Create memories that last a lifetime\u2014with <span style=\"color: #4383d1;\"><strong>Viet Au Group<\/strong><\/span>, your gateway to authentic and extraordinary adventures.<\/p>\n<p style=\"text-align: right;\"><strong>Viet Au Group Company.<\/strong><\/p>\n","protected":false},"excerpt":{"rendered":"<p>\u00a0 \u00a0 Welcome to VIET AU GROUP (VAG Travel) \u2013 Crafting Unforgettable Journeys Across Vietnam &amp; Asia ! At Viet Au Group, we believe travel is more than just seeing new places; it&#8217;s about creating moments, embracing cultures, and discovering the heart of a destination. With our deep roots in Vietnam and extensive network across&#8230;<\/p>\n","protected":false},"author":5,"featured_media":2913,"parent":0,"menu_order":0,"comment_status":"closed","ping_status":"closed","template":"","meta":{"_acf_changed":false,"footnotes":""},"class_list":["post-3074","page","type-page","status-publish","has-post-thumbnail","hentry"],"acf":[],"yoast_head":"<!-- This site is optimized with the Yoast SEO plugin v27.3 - https:\/\/yoast.com\/product\/yoast-seo-wordpress\/ -->\n<title>About us - Viet Au Group Travel<\/title>\n<meta name=\"description\" content=\"I-TRAVEL | \u0110\u1ecba ch\u1ec9: 42 L\u00ea B\u00e1 Trinh,Q. H\u1ea3i Ch\u00e2u, Tp. \u0110\u00e0 N\u1eb5ng, Vi\u1ec7t Nam | Hotline\/ Zalo\/ Viber\/ Whatsapp: (+84) 0905 525 636 | Email: sales@i-travel.com.vn\" \/>\n<meta name=\"robots\" content=\"index, follow, max-snippet:-1, max-image-preview:large, max-video-preview:-1\" \/>\n<link rel=\"canonical\" href=\"https:\/\/vietaugroup.net\/en\/about-us\" \/>\n<meta property=\"og:locale\" content=\"en_US\" \/>\n<meta property=\"og:type\" content=\"article\" \/>\n<meta property=\"og:title\" content=\"About us - Viet Au Group Travel\" \/>\n<meta property=\"og:description\" content=\"I-TRAVEL | \u0110\u1ecba ch\u1ec9: 42 L\u00ea B\u00e1 Trinh,Q. H\u1ea3i Ch\u00e2u, Tp. \u0110\u00e0 N\u1eb5ng, Vi\u1ec7t Nam | Hotline\/ Zalo\/ Viber\/ Whatsapp: (+84) 0905 525 636 | Email: sales@i-travel.com.vn\" \/>\n<meta property=\"og:url\" content=\"https:\/\/vietaugroup.net\/en\/about-us\" \/>\n<meta property=\"og:site_name\" content=\"Viet Au Group Travel\" \/>\n<meta property=\"article:modified_time\" content=\"2024-12-13T09:18:24+00:00\" \/>\n<meta property=\"og:image\" content=\"https:\/\/vietaugroup.net\/en\/wp-content\/uploads\/2023\/05\/banh-my.jpg\" \/>\n\t<meta property=\"og:image:width\" content=\"640\" \/>\n\t<meta property=\"og:image:height\" content=\"384\" \/>\n\t<meta property=\"og:image:type\" content=\"image\/jpeg\" \/>\n<meta name=\"twitter:card\" content=\"summary_large_image\" \/>\n<meta name=\"twitter:label1\" content=\"Est. reading time\" \/>\n\t<meta name=\"twitter:data1\" content=\"1 minute\" \/>\n<script type=\"application\/ld+json\" class=\"yoast-schema-graph\">{\"@context\":\"https:\\\/\\\/schema.org\",\"@graph\":[{\"@type\":\"WebPage\",\"@id\":\"https:\\\/\\\/vietaugroup.net\\\/en\\\/about-us\",\"url\":\"https:\\\/\\\/vietaugroup.net\\\/en\\\/about-us\",\"name\":\"About us - Viet Au Group Travel\",\"isPartOf\":{\"@id\":\"https:\\\/\\\/vietaugroup.net\\\/en\\\/#website\"},\"primaryImageOfPage\":{\"@id\":\"https:\\\/\\\/vietaugroup.net\\\/en\\\/about-us#primaryimage\"},\"image\":{\"@id\":\"https:\\\/\\\/vietaugroup.net\\\/en\\\/about-us#primaryimage\"},\"thumbnailUrl\":\"https:\\\/\\\/vietaugroup.net\\\/en\\\/wp-content\\\/uploads\\\/2023\\\/05\\\/banh-my.jpg\",\"datePublished\":\"2023-05-17T07:04:20+00:00\",\"dateModified\":\"2024-12-13T09:18:24+00:00\",\"description\":\"I-TRAVEL | \u0110\u1ecba ch\u1ec9: 42 L\u00ea B\u00e1 Trinh,Q. H\u1ea3i Ch\u00e2u, Tp. \u0110\u00e0 N\u1eb5ng, Vi\u1ec7t Nam | Hotline\\\/ Zalo\\\/ Viber\\\/ Whatsapp: (+84) 0905 525 636 | Email: sales@i-travel.com.vn\",\"breadcrumb\":{\"@id\":\"https:\\\/\\\/vietaugroup.net\\\/en\\\/about-us#breadcrumb\"},\"inLanguage\":\"en-US\",\"potentialAction\":[{\"@type\":\"ReadAction\",\"target\":[\"https:\\\/\\\/vietaugroup.net\\\/en\\\/about-us\"]}]},{\"@type\":\"ImageObject\",\"inLanguage\":\"en-US\",\"@id\":\"https:\\\/\\\/vietaugroup.net\\\/en\\\/about-us#primaryimage\",\"url\":\"https:\\\/\\\/vietaugroup.net\\\/en\\\/wp-content\\\/uploads\\\/2023\\\/05\\\/banh-my.jpg\",\"contentUrl\":\"https:\\\/\\\/vietaugroup.net\\\/en\\\/wp-content\\\/uploads\\\/2023\\\/05\\\/banh-my.jpg\",\"width\":640,\"height\":384},{\"@type\":\"BreadcrumbList\",\"@id\":\"https:\\\/\\\/vietaugroup.net\\\/en\\\/about-us#breadcrumb\",\"itemListElement\":[{\"@type\":\"ListItem\",\"position\":1,\"name\":\"Home\",\"item\":\"https:\\\/\\\/vietaugroup.net\\\/en\\\/\"},{\"@type\":\"ListItem\",\"position\":2,\"name\":\"About us\"}]},{\"@type\":\"WebSite\",\"@id\":\"https:\\\/\\\/vietaugroup.net\\\/en\\\/#website\",\"url\":\"https:\\\/\\\/vietaugroup.net\\\/en\\\/\",\"name\":\"Viet Au Group Travel\",\"description\":\"Conquer The World\",\"potentialAction\":[{\"@type\":\"SearchAction\",\"target\":{\"@type\":\"EntryPoint\",\"urlTemplate\":\"https:\\\/\\\/vietaugroup.net\\\/en\\\/?s={search_term_string}\"},\"query-input\":{\"@type\":\"PropertyValueSpecification\",\"valueRequired\":true,\"valueName\":\"search_term_string\"}}],\"inLanguage\":\"en-US\"}]}<\/script>\n<!-- \/ Yoast SEO plugin. -->","yoast_head_json":{"title":"About us - Viet Au Group Travel","description":"I-TRAVEL | \u0110\u1ecba ch\u1ec9: 42 L\u00ea B\u00e1 Trinh,Q. H\u1ea3i Ch\u00e2u, Tp. \u0110\u00e0 N\u1eb5ng, Vi\u1ec7t Nam | Hotline\/ Zalo\/ Viber\/ Whatsapp: (+84) 0905 525 636 | Email: sales@i-travel.com.vn","robots":{"index":"index","follow":"follow","max-snippet":"max-snippet:-1","max-image-preview":"max-image-preview:large","max-video-preview":"max-video-preview:-1"},"canonical":"https:\/\/vietaugroup.net\/en\/about-us","og_locale":"en_US","og_type":"article","og_title":"About us - Viet Au Group Travel","og_description":"I-TRAVEL | \u0110\u1ecba ch\u1ec9: 42 L\u00ea B\u00e1 Trinh,Q. H\u1ea3i Ch\u00e2u, Tp. \u0110\u00e0 N\u1eb5ng, Vi\u1ec7t Nam | Hotline\/ Zalo\/ Viber\/ Whatsapp: (+84) 0905 525 636 | Email: sales@i-travel.com.vn","og_url":"https:\/\/vietaugroup.net\/en\/about-us","og_site_name":"Viet Au Group Travel","article_modified_time":"2024-12-13T09:18:24+00:00","og_image":[{"width":640,"height":384,"url":"https:\/\/vietaugroup.net\/en\/wp-content\/uploads\/2023\/05\/banh-my.jpg","type":"image\/jpeg"}],"twitter_card":"summary_large_image","twitter_misc":{"Est. reading time":"1 minute"},"schema":{"@context":"https:\/\/schema.org","@graph":[{"@type":"WebPage","@id":"https:\/\/vietaugroup.net\/en\/about-us","url":"https:\/\/vietaugroup.net\/en\/about-us","name":"About us - Viet Au Group Travel","isPartOf":{"@id":"https:\/\/vietaugroup.net\/en\/#website"},"primaryImageOfPage":{"@id":"https:\/\/vietaugroup.net\/en\/about-us#primaryimage"},"image":{"@id":"https:\/\/vietaugroup.net\/en\/about-us#primaryimage"},"thumbnailUrl":"https:\/\/vietaugroup.net\/en\/wp-content\/uploads\/2023\/05\/banh-my.jpg","datePublished":"2023-05-17T07:04:20+00:00","dateModified":"2024-12-13T09:18:24+00:00","description":"I-TRAVEL | \u0110\u1ecba ch\u1ec9: 42 L\u00ea B\u00e1 Trinh,Q. H\u1ea3i Ch\u00e2u, Tp. \u0110\u00e0 N\u1eb5ng, Vi\u1ec7t Nam | Hotline\/ Zalo\/ Viber\/ Whatsapp: (+84) 0905 525 636 | Email: sales@i-travel.com.vn","breadcrumb":{"@id":"https:\/\/vietaugroup.net\/en\/about-us#breadcrumb"},"inLanguage":"en-US","potentialAction":[{"@type":"ReadAction","target":["https:\/\/vietaugroup.net\/en\/about-us"]}]},{"@type":"ImageObject","inLanguage":"en-US","@id":"https:\/\/vietaugroup.net\/en\/about-us#primaryimage","url":"https:\/\/vietaugroup.net\/en\/wp-content\/uploads\/2023\/05\/banh-my.jpg","contentUrl":"https:\/\/vietaugroup.net\/en\/wp-content\/uploads\/2023\/05\/banh-my.jpg","width":640,"height":384},{"@type":"BreadcrumbList","@id":"https:\/\/vietaugroup.net\/en\/about-us#breadcrumb","itemListElement":[{"@type":"ListItem","position":1,"name":"Home","item":"https:\/\/vietaugroup.net\/en\/"},{"@type":"ListItem","position":2,"name":"About us"}]},{"@type":"WebSite","@id":"https:\/\/vietaugroup.net\/en\/#website","url":"https:\/\/vietaugroup.net\/en\/","name":"Viet Au Group Travel","description":"Conquer The World","potentialAction":[{"@type":"SearchAction","target":{"@type":"EntryPoint","urlTemplate":"https:\/\/vietaugroup.net\/en\/?s={search_term_string}"},"query-input":{"@type":"PropertyValueSpecification","valueRequired":true,"valueName":"search_term_string"}}],"inLanguage":"en-US"}]}},"_links":{"self":[{"href":"https:\/\/vietaugroup.net\/en\/wp-json\/wp\/v2\/pages\/3074","targetHints":{"allow":["GET"]}}],"collection":[{"href":"https:\/\/vietaugroup.net\/en\/wp-json\/wp\/v2\/pages"}],"about":[{"href":"https:\/\/vietaugroup.net\/en\/wp-json\/wp\/v2\/types\/page"}],"author":[{"embeddable":true,"href":"https:\/\/vietaugroup.net\/en\/wp-json\/wp\/v2\/users\/5"}],"replies":[{"embeddable":true,"href":"https:\/\/vietaugroup.net\/en\/wp-json\/wp\/v2\/comments?post=3074"}],"version-history":[{"count":10,"href":"https:\/\/vietaugroup.net\/en\/wp-json\/wp\/v2\/pages\/3074\/revisions"}],"predecessor-version":[{"id":3217,"href":"https:\/\/vietaugroup.net\/en\/wp-json\/wp\/v2\/pages\/3074\/revisions\/3217"}],"wp:featuredmedia":[{"embeddable":true,"href":"https:\/\/vietaugroup.net\/en\/wp-json\/wp\/v2\/media\/2913"}],"wp:attachment":[{"href":"https:\/\/vietaugroup.net\/en\/wp-json\/wp\/v2\/media?parent=3074"}],"curies":[{"name":"wp","href":"https:\/\/api.w.org\/{rel}","templated":true}]}}