{"id":295,"date":"2020-11-10T04:25:42","date_gmt":"2020-11-09T21:25:42","guid":{"rendered":"http:\/\/localhost:8888\/phanvietphat\/?page_id=295"},"modified":"2024-12-13T14:54:35","modified_gmt":"2024-12-13T07:54:35","slug":"contact","status":"publish","type":"page","link":"https:\/\/vietaugroup.net\/en\/contact","title":{"rendered":"Contact"},"content":{"rendered":"\n  <div class=\"banner has-hover\" id=\"banner-1264430636\">\n          <div class=\"banner-inner fill\">\n        <div class=\"banner-bg fill\" >\n                                    <div class=\"overlay\"><\/div>            \n                    <\/div>\n\t\t\n        <div class=\"banner-layers container\">\n            <div class=\"fill banner-link\"><\/div>            \n   <div id=\"text-box-1780696076\" class=\"text-box banner-layer x50 md-x50 lg-x50 y50 md-y50 lg-y50 res-text\">\n                                <div class=\"text-box-content text dark\">\n              \n              <div class=\"text-inner text-center\">\n                  \n<h3 class=\"uppercase\"><strong>CONTACT US<\/strong><\/h3>\n              <\/div>\n           <\/div>\n                            \n<style>\n#text-box-1780696076 {\n  width: 60%;\n}\n#text-box-1780696076 .text-box-content {\n  font-size: 100%;\n}\n<\/style>\n    <\/div>\n \n        <\/div>\n      <\/div>\n\n            \n<style>\n#banner-1264430636 {\n  padding-top: 30%;\n}\n#banner-1264430636 .overlay {\n  background-color: rgba(0,0,0,.5);\n}\n#banner-1264430636 .banner-bg img {\n  object-position: 64% 50%;\n}\n@media (min-width:550px) {\n  #banner-1264430636 {\n    padding-top: 16%;\n  }\n}\n<\/style>\n  <\/div>\n\n\n\n\t<section class=\"section\" id=\"section_1897126543\">\n\t\t<div class=\"section-bg fill\" >\n\t\t\t\t\t\t\t\t\t\n\t\t\t\n\n\t\t<\/div>\n\n\t\t\n\n\t\t<div class=\"section-content relative\">\n\t\t\t\n<div class=\"row\"  id=\"row-1476192812\">\n\n\t<div id=\"col-1810888322\" class=\"col medium-6 small-12 large-6\"  >\n\t\t\t\t<div class=\"col-inner\"  >\n\t\t\t\n\t\t\t\n\t<div id=\"text-2140881684\" class=\"text textlienhe\">\n\t\t\n<p><span style=\"color: #4383d1; font-size: 140%;\"><strong>VIET AU GROUP COMPANY LIMITED<\/strong><\/span><\/p>\n<p><span style=\"color: #000000;\"><strong>Address : <\/strong>58 Hoang The Thien street, Cam Le district, Da Nang city, Vietnam.<\/span><\/p>\n<p><span style=\"color: #d83131;\"><strong>OFFICE\u00a0 :\u00a0 <\/strong><\/span><span style=\"color: #000000;\">64 Tran Le street, Cam Le district, Da Nang city, Vietnam.<\/span><\/p>\n<p><span style=\"color: #000000;\"><strong>Hotline\u00a0 \u00a0<\/strong><strong>: <\/strong><span style=\"color: #d83131;\">+84 (0) 905 525 636<\/span><\/span><\/p>\n<p><strong>Email\u00a0 \u00a0 \u00a0:<\/strong><span style=\"color: #d83131;\"> travel. vietaugroup@gmail.com<\/span><\/p>\n\t\t\t<\/div>\n\t\n\t<div id=\"gap-1518827319\" class=\"gap-element clearfix\" style=\"display:block; height:auto;\">\n\t\t\n<style>\n#gap-1518827319 {\n  padding-top: 30px;\n}\n<\/style>\n\t<\/div>\n\t\n<p><iframe loading=\"lazy\" style=\"border: 0;\" src=\"https:\/\/www.google.com\/maps\/embed?pb=!1m18!1m12!1m3!1d3835.164718692825!2d108.2117224!3d16.004938599999996!2m3!1f0!2f0!3f0!3m2!1i1024!2i768!4f13.1!3m3!1m2!1s0x31421a3dafed1adf%3A0x8dee4378d81df3e5!2zNjQgVHLhuqduIEzDqiwgSG_DoCBYdcOibiwgQ-G6qW0gTOG7hywgxJDDoCBO4bq1bmcgNTUwMDAw!5e0!3m2!1svi!2s!4v1680659756599!5m2!1svi!2s\" width=\"100%\" height=\"350\" allowfullscreen=\"allowfullscreen\"><\/iframe><\/p>\n\t\t<\/div>\n\t\t\t\t\t<\/div>\n\n\t\n\n\t<div id=\"col-991153042\" class=\"col medium-6 small-12 large-6\"  >\n\t\t\t\t<div class=\"col-inner\"  >\n\t\t\t\n\t\t\t\n\t<div id=\"text-410949414\" class=\"text textlienhe\">\n\t\t\n<p>If you have any requests for our services, please fill in the following form and send it to <span style=\"color: #d83131;\">VAG Travel<\/span>; or call us directly to our <span style=\"color: #d83131;\">Hotline: (+84) 0905 525 636<\/span>. We will respond to you as soon as possible after recieving your contact. Thank you !<\/p>\n\t\t\t<\/div>\n\t\n\t<div id=\"gap-347206718\" class=\"gap-element clearfix\" style=\"display:block; height:auto;\">\n\t\t\n<style>\n#gap-347206718 {\n  padding-top: 30px;\n}\n<\/style>\n\t<\/div>\n\t\n\n<div class=\"wpcf7 no-js\" id=\"wpcf7-f15-o1\" lang=\"en-US\" dir=\"ltr\" data-wpcf7-id=\"15\">\n<div class=\"screen-reader-response\"><p role=\"status\" aria-live=\"polite\" aria-atomic=\"true\"><\/p> <ul><\/ul><\/div>\n<form action=\"\/en\/wp-json\/wp\/v2\/pages\/295#wpcf7-f15-o1\" method=\"post\" class=\"wpcf7-form init\" aria-label=\"Contact form\" novalidate=\"novalidate\" data-status=\"init\">\n<fieldset class=\"hidden-fields-container\"><input type=\"hidden\" name=\"_wpcf7\" value=\"15\" \/><input type=\"hidden\" name=\"_wpcf7_version\" value=\"6.1.5\" \/><input type=\"hidden\" name=\"_wpcf7_locale\" value=\"en_US\" \/><input type=\"hidden\" name=\"_wpcf7_unit_tag\" value=\"wpcf7-f15-o1\" \/><input type=\"hidden\" name=\"_wpcf7_container_post\" value=\"0\" \/><input type=\"hidden\" name=\"_wpcf7_posted_data_hash\" value=\"\" \/>\n<\/fieldset>\n<p><label>Your Name<\/label><br \/>\n<span class=\"wpcf7-form-control-wrap\" data-name=\"your-name\"><input size=\"40\" maxlength=\"400\" class=\"wpcf7-form-control wpcf7-text wpcf7-validates-as-required\" aria-required=\"true\" aria-invalid=\"false\" value=\"\" type=\"text\" name=\"your-name\" \/><\/span>\n<\/p>\n<p><label>Your Email<\/label><br \/>\n<span class=\"wpcf7-form-control-wrap\" data-name=\"your-email\"><input size=\"40\" maxlength=\"400\" class=\"wpcf7-form-control wpcf7-email wpcf7-validates-as-required wpcf7-text wpcf7-validates-as-email\" aria-required=\"true\" aria-invalid=\"false\" value=\"\" type=\"email\" name=\"your-email\" \/><\/span>\n<\/p>\n<p><label>Your Message<\/label><br \/>\n<span class=\"wpcf7-form-control-wrap\" data-name=\"your-message\"><textarea cols=\"40\" rows=\"10\" maxlength=\"2000\" class=\"wpcf7-form-control wpcf7-textarea\" aria-invalid=\"false\" name=\"your-message\"><\/textarea><\/span>\n<\/p>\n<p><input class=\"wpcf7-form-control wpcf7-submit has-spinner button\" type=\"submit\" value=\"Submit\" \/>\n<\/p><div class=\"wpcf7-response-output\" aria-hidden=\"true\"><\/div>\n<\/form>\n<\/div>\n\n\t\t<\/div>\n\t\t\t\t\t<\/div>\n\n\t\n<\/div>\n\t\t<\/div>\n\n\t\t\n<style>\n#section_1897126543 {\n  padding-top: 30px;\n  padding-bottom: 30px;\n}\n<\/style>\n\t<\/section>\n\t\n","protected":false},"excerpt":{"rendered":"","protected":false},"author":5,"featured_media":1967,"parent":0,"menu_order":0,"comment_status":"closed","ping_status":"closed","template":"page-blank.php","meta":{"_acf_changed":false,"footnotes":""},"class_list":["post-295","page","type-page","status-publish","has-post-thumbnail","hentry"],"acf":[],"yoast_head":"<!-- This site is optimized with the Yoast SEO plugin v27.3 - https:\/\/yoast.com\/product\/yoast-seo-wordpress\/ -->\n<title>Contact - Viet Au Group Travel | \u0110\u1ea3m b\u1ea3o uy t\u00edn ch\u1ea5t l\u01b0\u1ee3ng<\/title>\n<meta name=\"description\" content=\"I-TRAVEL | \u0110\u1ecba ch\u1ec9: 42 L\u00ea B\u00e1 Trinh,Q. H\u1ea3i Ch\u00e2u, Tp. \u0110\u00e0 N\u1eb5ng, Vi\u1ec7t Nam | Hotline\/ Zalo\/ Viber\/ Whatsapp: (+84) 0905 525 636 | Email: contact@i-travel.com.vn\" \/>\n<meta name=\"robots\" content=\"index, follow, max-snippet:-1, max-image-preview:large, max-video-preview:-1\" \/>\n<link rel=\"canonical\" href=\"https:\/\/vietaugroup.net\/en\/contact\" \/>\n<meta property=\"og:locale\" content=\"en_US\" \/>\n<meta property=\"og:type\" content=\"article\" \/>\n<meta property=\"og:title\" content=\"Contact - Viet Au Group Travel | \u0110\u1ea3m b\u1ea3o uy t\u00edn ch\u1ea5t l\u01b0\u1ee3ng\" \/>\n<meta property=\"og:description\" content=\"I-TRAVEL | \u0110\u1ecba ch\u1ec9: 42 L\u00ea B\u00e1 Trinh,Q. H\u1ea3i Ch\u00e2u, Tp. \u0110\u00e0 N\u1eb5ng, Vi\u1ec7t Nam | Hotline\/ Zalo\/ Viber\/ Whatsapp: (+84) 0905 525 636 | Email: contact@i-travel.com.vn\" \/>\n<meta property=\"og:url\" content=\"https:\/\/vietaugroup.net\/en\/contact\" \/>\n<meta property=\"og:site_name\" content=\"Viet Au Group Travel\" \/>\n<meta property=\"article:modified_time\" content=\"2024-12-13T07:54:35+00:00\" \/>\n<meta property=\"og:image\" content=\"https:\/\/vietaugroup.net\/en\/wp-content\/uploads\/2023\/03\/image_2023-03-07_104518338.png\" \/>\n\t<meta property=\"og:image:width\" content=\"500\" \/>\n\t<meta property=\"og:image:height\" content=\"333\" \/>\n\t<meta property=\"og:image:type\" content=\"image\/png\" \/>\n<meta name=\"twitter:card\" content=\"summary_large_image\" \/>\n<meta name=\"twitter:label1\" content=\"Est. reading time\" \/>\n\t<meta name=\"twitter:data1\" content=\"1 minute\" \/>\n<script type=\"application\/ld+json\" class=\"yoast-schema-graph\">{\"@context\":\"https:\\\/\\\/schema.org\",\"@graph\":[{\"@type\":\"WebPage\",\"@id\":\"https:\\\/\\\/vietaugroup.net\\\/en\\\/contact\",\"url\":\"https:\\\/\\\/vietaugroup.net\\\/en\\\/contact\",\"name\":\"Contact - Viet Au Group Travel | \u0110\u1ea3m b\u1ea3o uy t\u00edn ch\u1ea5t l\u01b0\u1ee3ng\",\"isPartOf\":{\"@id\":\"https:\\\/\\\/vietaugroup.net\\\/en\\\/#website\"},\"primaryImageOfPage\":{\"@id\":\"https:\\\/\\\/vietaugroup.net\\\/en\\\/contact#primaryimage\"},\"image\":{\"@id\":\"https:\\\/\\\/vietaugroup.net\\\/en\\\/contact#primaryimage\"},\"thumbnailUrl\":\"https:\\\/\\\/vietaugroup.net\\\/en\\\/wp-content\\\/uploads\\\/2023\\\/03\\\/image_2023-03-07_104518338.png\",\"datePublished\":\"2020-11-09T21:25:42+00:00\",\"dateModified\":\"2024-12-13T07:54:35+00:00\",\"description\":\"I-TRAVEL | \u0110\u1ecba ch\u1ec9: 42 L\u00ea B\u00e1 Trinh,Q. H\u1ea3i Ch\u00e2u, Tp. \u0110\u00e0 N\u1eb5ng, Vi\u1ec7t Nam | Hotline\\\/ Zalo\\\/ Viber\\\/ Whatsapp: (+84) 0905 525 636 | Email: contact@i-travel.com.vn\",\"breadcrumb\":{\"@id\":\"https:\\\/\\\/vietaugroup.net\\\/en\\\/contact#breadcrumb\"},\"inLanguage\":\"en-US\",\"potentialAction\":[{\"@type\":\"ReadAction\",\"target\":[\"https:\\\/\\\/vietaugroup.net\\\/en\\\/contact\"]}]},{\"@type\":\"ImageObject\",\"inLanguage\":\"en-US\",\"@id\":\"https:\\\/\\\/vietaugroup.net\\\/en\\\/contact#primaryimage\",\"url\":\"https:\\\/\\\/vietaugroup.net\\\/en\\\/wp-content\\\/uploads\\\/2023\\\/03\\\/image_2023-03-07_104518338.png\",\"contentUrl\":\"https:\\\/\\\/vietaugroup.net\\\/en\\\/wp-content\\\/uploads\\\/2023\\\/03\\\/image_2023-03-07_104518338.png\",\"width\":500,\"height\":333},{\"@type\":\"BreadcrumbList\",\"@id\":\"https:\\\/\\\/vietaugroup.net\\\/en\\\/contact#breadcrumb\",\"itemListElement\":[{\"@type\":\"ListItem\",\"position\":1,\"name\":\"Home\",\"item\":\"https:\\\/\\\/vietaugroup.net\\\/en\\\/\"},{\"@type\":\"ListItem\",\"position\":2,\"name\":\"Contact\"}]},{\"@type\":\"WebSite\",\"@id\":\"https:\\\/\\\/vietaugroup.net\\\/en\\\/#website\",\"url\":\"https:\\\/\\\/vietaugroup.net\\\/en\\\/\",\"name\":\"Viet Au Group Travel\",\"description\":\"Conquer The World\",\"potentialAction\":[{\"@type\":\"SearchAction\",\"target\":{\"@type\":\"EntryPoint\",\"urlTemplate\":\"https:\\\/\\\/vietaugroup.net\\\/en\\\/?s={search_term_string}\"},\"query-input\":{\"@type\":\"PropertyValueSpecification\",\"valueRequired\":true,\"valueName\":\"search_term_string\"}}],\"inLanguage\":\"en-US\"}]}<\/script>\n<!-- \/ Yoast SEO plugin. -->","yoast_head_json":{"title":"Contact - Viet Au Group Travel | \u0110\u1ea3m b\u1ea3o uy t\u00edn ch\u1ea5t l\u01b0\u1ee3ng","description":"I-TRAVEL | \u0110\u1ecba ch\u1ec9: 42 L\u00ea B\u00e1 Trinh,Q. H\u1ea3i Ch\u00e2u, Tp. \u0110\u00e0 N\u1eb5ng, Vi\u1ec7t Nam | Hotline\/ Zalo\/ Viber\/ Whatsapp: (+84) 0905 525 636 | Email: contact@i-travel.com.vn","robots":{"index":"index","follow":"follow","max-snippet":"max-snippet:-1","max-image-preview":"max-image-preview:large","max-video-preview":"max-video-preview:-1"},"canonical":"https:\/\/vietaugroup.net\/en\/contact","og_locale":"en_US","og_type":"article","og_title":"Contact - Viet Au Group Travel | \u0110\u1ea3m b\u1ea3o uy t\u00edn ch\u1ea5t l\u01b0\u1ee3ng","og_description":"I-TRAVEL | \u0110\u1ecba ch\u1ec9: 42 L\u00ea B\u00e1 Trinh,Q. H\u1ea3i Ch\u00e2u, Tp. \u0110\u00e0 N\u1eb5ng, Vi\u1ec7t Nam | Hotline\/ Zalo\/ Viber\/ Whatsapp: (+84) 0905 525 636 | Email: contact@i-travel.com.vn","og_url":"https:\/\/vietaugroup.net\/en\/contact","og_site_name":"Viet Au Group Travel","article_modified_time":"2024-12-13T07:54:35+00:00","og_image":[{"width":500,"height":333,"url":"https:\/\/vietaugroup.net\/en\/wp-content\/uploads\/2023\/03\/image_2023-03-07_104518338.png","type":"image\/png"}],"twitter_card":"summary_large_image","twitter_misc":{"Est. reading time":"1 minute"},"schema":{"@context":"https:\/\/schema.org","@graph":[{"@type":"WebPage","@id":"https:\/\/vietaugroup.net\/en\/contact","url":"https:\/\/vietaugroup.net\/en\/contact","name":"Contact - Viet Au Group Travel | \u0110\u1ea3m b\u1ea3o uy t\u00edn ch\u1ea5t l\u01b0\u1ee3ng","isPartOf":{"@id":"https:\/\/vietaugroup.net\/en\/#website"},"primaryImageOfPage":{"@id":"https:\/\/vietaugroup.net\/en\/contact#primaryimage"},"image":{"@id":"https:\/\/vietaugroup.net\/en\/contact#primaryimage"},"thumbnailUrl":"https:\/\/vietaugroup.net\/en\/wp-content\/uploads\/2023\/03\/image_2023-03-07_104518338.png","datePublished":"2020-11-09T21:25:42+00:00","dateModified":"2024-12-13T07:54:35+00:00","description":"I-TRAVEL | \u0110\u1ecba ch\u1ec9: 42 L\u00ea B\u00e1 Trinh,Q. H\u1ea3i Ch\u00e2u, Tp. \u0110\u00e0 N\u1eb5ng, Vi\u1ec7t Nam | Hotline\/ Zalo\/ Viber\/ Whatsapp: (+84) 0905 525 636 | Email: contact@i-travel.com.vn","breadcrumb":{"@id":"https:\/\/vietaugroup.net\/en\/contact#breadcrumb"},"inLanguage":"en-US","potentialAction":[{"@type":"ReadAction","target":["https:\/\/vietaugroup.net\/en\/contact"]}]},{"@type":"ImageObject","inLanguage":"en-US","@id":"https:\/\/vietaugroup.net\/en\/contact#primaryimage","url":"https:\/\/vietaugroup.net\/en\/wp-content\/uploads\/2023\/03\/image_2023-03-07_104518338.png","contentUrl":"https:\/\/vietaugroup.net\/en\/wp-content\/uploads\/2023\/03\/image_2023-03-07_104518338.png","width":500,"height":333},{"@type":"BreadcrumbList","@id":"https:\/\/vietaugroup.net\/en\/contact#breadcrumb","itemListElement":[{"@type":"ListItem","position":1,"name":"Home","item":"https:\/\/vietaugroup.net\/en\/"},{"@type":"ListItem","position":2,"name":"Contact"}]},{"@type":"WebSite","@id":"https:\/\/vietaugroup.net\/en\/#website","url":"https:\/\/vietaugroup.net\/en\/","name":"Viet Au Group Travel","description":"Conquer The World","potentialAction":[{"@type":"SearchAction","target":{"@type":"EntryPoint","urlTemplate":"https:\/\/vietaugroup.net\/en\/?s={search_term_string}"},"query-input":{"@type":"PropertyValueSpecification","valueRequired":true,"valueName":"search_term_string"}}],"inLanguage":"en-US"}]}},"_links":{"self":[{"href":"https:\/\/vietaugroup.net\/en\/wp-json\/wp\/v2\/pages\/295","targetHints":{"allow":["GET"]}}],"collection":[{"href":"https:\/\/vietaugroup.net\/en\/wp-json\/wp\/v2\/pages"}],"about":[{"href":"https:\/\/vietaugroup.net\/en\/wp-json\/wp\/v2\/types\/page"}],"author":[{"embeddable":true,"href":"https:\/\/vietaugroup.net\/en\/wp-json\/wp\/v2\/users\/5"}],"replies":[{"embeddable":true,"href":"https:\/\/vietaugroup.net\/en\/wp-json\/wp\/v2\/comments?post=295"}],"version-history":[{"count":51,"href":"https:\/\/vietaugroup.net\/en\/wp-json\/wp\/v2\/pages\/295\/revisions"}],"predecessor-version":[{"id":2390,"href":"https:\/\/vietaugroup.net\/en\/wp-json\/wp\/v2\/pages\/295\/revisions\/2390"}],"wp:featuredmedia":[{"embeddable":true,"href":"https:\/\/vietaugroup.net\/en\/wp-json\/wp\/v2\/media\/1967"}],"wp:attachment":[{"href":"https:\/\/vietaugroup.net\/en\/wp-json\/wp\/v2\/media?parent=295"}],"curies":[{"name":"wp","href":"https:\/\/api.w.org\/{rel}","templated":true}]}}